{"id":719,"date":"2020-08-05T17:46:27","date_gmt":"2020-08-05T15:46:27","guid":{"rendered":"http:\/\/ibericabeds.com\/?page_id=719"},"modified":"2020-08-05T17:47:54","modified_gmt":"2020-08-05T15:47:54","slug":"informacion-covid-19","status":"publish","type":"page","link":"https:\/\/ibericabeds.com\/en\/informacion-covid-19\/","title":{"rendered":"Informaci\u00f3n Covid-19"},"content":{"rendered":"\t\t<div data-elementor-type=\"wp-page\" data-elementor-id=\"719\" class=\"elementor elementor-719\" data-elementor-post-type=\"page\">\n\t\t\t\t\t\t<section class=\"elementor-section elementor-top-section elementor-element elementor-element-5df1af1 elementor-section-boxed elementor-section-height-default elementor-section-height-default\" data-id=\"5df1af1\" data-element_type=\"section\" data-e-type=\"section\">\n\t\t\t\t\t\t<div class=\"elementor-container elementor-column-gap-default\">\n\t\t\t\t\t<div class=\"elementor-column elementor-col-100 elementor-top-column elementor-element elementor-element-dd0ad43\" data-id=\"dd0ad43\" data-element_type=\"column\" data-e-type=\"column\">\n\t\t\t<div class=\"elementor-widget-wrap elementor-element-populated\">\n\t\t\t\t\t\t<div class=\"elementor-element elementor-element-26bdc4e elementor-widget elementor-widget-heading\" data-id=\"26bdc4e\" data-element_type=\"widget\" data-e-type=\"widget\" data-widget_type=\"heading.default\">\n\t\t\t\t<div class=\"elementor-widget-container\">\n\t\t\t\t\t<h1 class=\"elementor-heading-title elementor-size-default\">Informaci\u00f3n de viaje: Actualizaci\u00f3n sobre el COVID-19<\/h1>\t\t\t\t<\/div>\n\t\t\t\t<\/div>\n\t\t\t\t<div class=\"elementor-element elementor-element-898b3e1 elementor-widget elementor-widget-text-editor\" data-id=\"898b3e1\" data-element_type=\"widget\" data-e-type=\"widget\" data-widget_type=\"text-editor.default\">\n\t\t\t\t<div class=\"elementor-widget-container\">\n\t\t\t\t\t\t\t\t\t<div class=\"fecha\">Estamos siguiendo muy de cerca las declaraciones por parte de los Centros para el Control y la Prevenci\u00f3n de Enfermedades y de la Organizaci\u00f3n Mundial de la Salud sobre los casos del nuevo coronavirus (COVID-19), y estamos cumpliendo las directrices de estos organismos y de las autoridades de salud locales.<\/div><div class=\"div_sec_01\"><p>El bienestar de nuestros hu\u00e9spedes y empleados es de suma importancia.<\/p><p>Nuestro compromiso con la limpieza:<\/p><p>Tomamos con mucha seriedad los est\u00e1ndares de higiene y limpieza, y estamos implementando medidas adicionales para garantizar la seguridad de nuestros hu\u00e9spedes y empleados. Diariamente, nuestros hoteles en todo el mundo est\u00e1n trabajando para asegurar el cumplimiento de las pautas m\u00e1s recientes en cuanto a higiene y seguridad. Las medidas de salud y seguridad de nuestros hoteles est\u00e1n dise\u00f1adas para afrontar un amplio espectro de virus, incluido el COVID-19, y abarcan desde la higiene en el lavado de manos y especificaciones de productos de limpieza, hasta procedimientos de limpieza de habitaciones y \u00e1reas comunes. Las medidas espec\u00edficas que estamos implementando incluyen:<\/p><div><div>Salud, seguridad y conocimiento de empleados: Los empleados de hoteles, as\u00ed como su propia salud, seguridad y conocimiento, son esenciales para tener un programa de limpieza efectivo. Estas son algunas formas en que apoyamos esto:<\/div><ul><li>Higiene de manos:\u00a0El lavado de manos adecuado y frecuente es vital para ayudar a combatir la propagaci\u00f3n de los virus. En nuestras reuniones diarias, recordamos a nuestros equipos que la limpieza comienza con este simple acto. Es importante para su salud y la de nuestros hu\u00e9spedes.<\/li><li>Capacitaci\u00f3n permanente:\u00a0Adem\u00e1s de la capacitaci\u00f3n sobre el servicio de limpieza y los protocolos de higiene, los empleados de hoteles tambi\u00e9n est\u00e1n recibiendo capacitaciones mejoradas sobre informaci\u00f3n del COVID-19.<\/li><li>Informaci\u00f3n en tiempo real:\u00a0Nuestros equipos est\u00e1n disponibles todos los d\u00edas, las 24 horas, para respaldar a los hoteles y coordinar con las autoridades locales y regionales.<\/li><\/ul><div>Productos y protocolos de limpieza:\u00a0Nuestros hoteles utilizan productos y protocolos de limpieza efectivos contra los virus. Esto incluye:<\/div><ul><li>Habitaciones:\u00a0Los hoteles utilizan protocolos de limpieza y desinfecci\u00f3n para limpiar las habitaciones despu\u00e9s de la salida de los hu\u00e9spedes y antes de la llegada del siguiente hu\u00e9sped, prestando especial atenci\u00f3n a los art\u00edculos de contacto frecuente.<\/li><li>Espacios p\u00fablicos:\u00a0Los hoteles han aumentado la frecuencia de la limpieza y desinfecci\u00f3n en los espacios p\u00fablicos, enfoc\u00e1ndose en la recepci\u00f3n, los ascensores y los botones de los mismos, manijas de puertas, ba\u00f1os p\u00fablicos e incluso llaves de habitaci\u00f3n.<\/li><li>Zonas privadas del hotel:\u00a0En los espacios donde los empleados trabajan \u201cdetr\u00e1s de escena\u201d, los hoteles est\u00e1n aumentando la frecuencia de la limpieza, centr\u00e1ndose en las \u00e1reas de contacto frecuente como entradas, vestidores, lavander\u00edas y oficinas del personal.<\/li><\/ul><\/div><p>Para obtener m\u00e1s informaci\u00f3n, consulte con los\u00a0<a href=\"https:\/\/www.cdc.gov\/coronavirus\/2019-ncov\/index-sp.html\" target=\"_blank\" rel=\"noopener\">Centros para el Control y la Prevenci\u00f3n de Enfermedades (CDC)<\/a>\u00a0o con su autoridad de salud local.<\/p><\/div>\t\t\t\t\t\t\t\t<\/div>\n\t\t\t\t<\/div>\n\t\t\t\t\t<\/div>\n\t\t<\/div>\n\t\t\t\t\t<\/div>\n\t\t<\/section>\n\t\t\t\t<\/div>\n\t\t","protected":false},"excerpt":{"rendered":"<p>Informaci\u00f3n de viaje: Actualizaci\u00f3n sobre el COVID-19 Estamos siguiendo muy de cerca las declaraciones por parte de los Centros para el Control y la Prevenci\u00f3n de Enfermedades y de la Organizaci\u00f3n Mundial de la Salud sobre los casos del nuevo coronavirus (COVID-19), y estamos cumpliendo las directrices de estos organismos y de las autoridades de [&hellip;]<\/p>\n","protected":false},"author":1,"featured_media":0,"parent":0,"menu_order":0,"comment_status":"closed","ping_status":"closed","template":"elementor_header_footer","meta":{"footnotes":""},"class_list":["post-719","page","type-page","status-publish","hentry"],"aioseo_notices":[],"_links":{"self":[{"href":"https:\/\/ibericabeds.com\/en\/wp-json\/wp\/v2\/pages\/719","targetHints":{"allow":["GET"]}}],"collection":[{"href":"https:\/\/ibericabeds.com\/en\/wp-json\/wp\/v2\/pages"}],"about":[{"href":"https:\/\/ibericabeds.com\/en\/wp-json\/wp\/v2\/types\/page"}],"author":[{"embeddable":true,"href":"https:\/\/ibericabeds.com\/en\/wp-json\/wp\/v2\/users\/1"}],"replies":[{"embeddable":true,"href":"https:\/\/ibericabeds.com\/en\/wp-json\/wp\/v2\/comments?post=719"}],"version-history":[{"count":2,"href":"https:\/\/ibericabeds.com\/en\/wp-json\/wp\/v2\/pages\/719\/revisions"}],"predecessor-version":[{"id":721,"href":"https:\/\/ibericabeds.com\/en\/wp-json\/wp\/v2\/pages\/719\/revisions\/721"}],"wp:attachment":[{"href":"https:\/\/ibericabeds.com\/en\/wp-json\/wp\/v2\/media?parent=719"}],"curies":[{"name":"wp","href":"https:\/\/api.w.org\/{rel}","templated":true}]}}