{"id":40,"date":"2019-10-08T16:20:36","date_gmt":"2019-10-08T14:20:36","guid":{"rendered":"http:\/\/ibericabeds.com\/?page_id=40"},"modified":"2024-08-26T10:59:49","modified_gmt":"2024-08-26T08:59:49","slug":"politica-privacidad","status":"publish","type":"page","link":"https:\/\/ibericabeds.com\/en\/politica-privacidad\/","title":{"rendered":"Privacy Policy"},"content":{"rendered":"\t\t<div data-elementor-type=\"wp-page\" data-elementor-id=\"40\" class=\"elementor elementor-40\" data-elementor-post-type=\"page\">\n\t\t\t\t\t\t<section class=\"elementor-section elementor-top-section elementor-element elementor-element-3ec48668 elementor-section-boxed elementor-section-height-default elementor-section-height-default\" data-id=\"3ec48668\" data-element_type=\"section\" data-e-type=\"section\">\n\t\t\t\t\t\t<div class=\"elementor-container elementor-column-gap-default\">\n\t\t\t\t\t<div class=\"elementor-column elementor-col-100 elementor-top-column elementor-element elementor-element-23275231\" data-id=\"23275231\" data-element_type=\"column\" data-e-type=\"column\">\n\t\t\t<div class=\"elementor-widget-wrap elementor-element-populated\">\n\t\t\t\t\t\t<div class=\"elementor-element elementor-element-35635c2 elementor-widget elementor-widget-heading\" data-id=\"35635c2\" data-element_type=\"widget\" data-e-type=\"widget\" data-widget_type=\"heading.default\">\n\t\t\t\t<div class=\"elementor-widget-container\">\n\t\t\t\t\t<h2 class=\"elementor-heading-title elementor-size-default\">POL\u00cdTICA DE PRIVACIDAD<\/h2>\t\t\t\t<\/div>\n\t\t\t\t<\/div>\n\t\t\t\t<div class=\"elementor-element elementor-element-2c187dff elementor-widget elementor-widget-text-editor\" data-id=\"2c187dff\" data-element_type=\"widget\" data-e-type=\"widget\" data-widget_type=\"text-editor.default\">\n\t\t\t\t<div class=\"elementor-widget-container\">\n\t\t\t\t\t\t\t\t\t<p><u>POL\u00cdTICA DE PRIVACIDAD WEB<\/u><\/p><p><u>POL\u00cdTICA DE PRIVACIDAD WEB<\/u><\/p><p>En IBERICABEDS creemos y defendemos que tu privacidad es algo muy importante y que\u00a0<strong>s\u00f3lo t\u00fa debes poder decidir qu\u00e9 uso se hace de tu informaci\u00f3n.<\/strong>\u00a0Por eso, nos hemos adecuado a todo los requerimientos del Reglamento (UE) 2016\/679 del Parlamento Europeo y del Consejo, de 27 de abril de 2016 relativo a la protecci\u00f3n de las personas f\u00edsicas en lo que respecta al tratamiento de datos personales y a la libre circulaci\u00f3n de estos datos (RGPD), a la Ley Org\u00e1nica 03\/2018, de 5 de diciembre, de Protecci\u00f3n de Datos Personales y Garant\u00eda de Derechos Digitales (LOPDGDD) y a la Ley 34\/2002 de Servicios de la Sociedad de la Informaci\u00f3n y Comercio Electr\u00f3nico. As\u00ed que y ponemos a tu disposici\u00f3n todo lo que necesitas para entender esta legislaci\u00f3n y te pedimos que nos digas qu\u00e9 podemos y no podemos hacer con tus datos.<\/p><table><tbody><tr><td><p><strong>\u00bfQui\u00e9n es el responsable de tus datos?<\/strong><\/p><\/td><td><p>CUATROIBERICA 20217 S.L.; actuando bajo la denominaci\u00f3n comercial de\u00a0<strong>IBERICABEDS<\/strong>, con CIF: B19643261, N\u00fameros de tel\u00e9fono: 660 266 714 \/ 640 798 940, Correo electr\u00f3nico: <a href=\"mailto:reservas@cuatroiberica.com\">reservas@cuatroiberica.com<\/a> y Direcci\u00f3n de p\u00e1gina electr\u00f3nica: <a href=\"https:\/\/ibericabeds.com\/\">https:\/\/ibericabeds.com\/<\/a><\/p><\/td><\/tr><tr><td><p><strong>\u00bfPara qu\u00e9 vamos a usar tus datos?<\/strong><\/p><\/td><td><p>En IBERICABEDS utilizamos tus datos personales, bajo inter\u00e9s leg\u00edtimo entre las partes y\/o consentimiento expreso, para ofrecer los servicios propios de nuestro alojamiento.<\/p><p>Si reservas en nuestros Alojamientos, tus datos se usar\u00e1n precisamente para gestionar la reserva y el resto de peticiones que nos solicites, as\u00ed como el resto de gestiones derivadas de tu estancia con nosotros.<\/p><p>En cualquier caso, vamos a guardar la oportuna confidencialidad de toda la informaci\u00f3n que nos proporciones y vamos a implantar sobre tus datos personales las medidas de seguridad t\u00e9cnicas y organizativas para garantizar su secreto y evitar el acceso a la informaci\u00f3n por terceros no autorizados.<\/p><p>Si contactas con nosotros a trav\u00e9s de nuestro Whatsapp oficial, Apps de reservas, nuestra web o redes sociales, tus datos ser\u00e1n tratados \u00fanicamente\u00a0\u00a0para dar respuesta a tu solicitud, con el fin de gestionar tus peticiones, atender las consultas, dudas o comentarios que nos hagas llegar a trav\u00e9s de los canales oficiales habilitados a tal efecto.<\/p><p>Una vez que reservas con nosotros y nos das el consentimiento marcando la casilla, usaremos de manera leg\u00edtima tu mail o n\u00famero de Whatsapp para mantenerte informado de todas nuestras novedades, ofertas, etc; siempre puedes cancelar o darte de baja de este tipo de comunicaciones, sin que esta retirada de consentimiento afecte al resto de datos que tenemos tuyos.<\/p><\/td><\/tr><tr><td><p><strong>\u00bfA qui\u00e9n comunicaremos tus datos?<\/strong><\/p><\/td><td><p>Nosotros tenemos una serie de obligaciones legales que debemos cumplir respecto de tus datos. Entre ellas, debemos facilitar estos datos cuando nos los solicite la Administraci\u00f3n p\u00fablica competente o exista un requerimiento al efecto.<\/p><p>Los datos relativos a los Hu\u00e9spedes los comunicaremos a las Fuerzas y Cuerpos de Seguridad del Estado en cumplimiento de la LO 4\/2015, de 30 de marzo, de Protecci\u00f3n de la Seguridad Ciudadana, cuando seamos requeridos.<\/p><p>Adem\u00e1s, y siempre bajo tu consentimiento, tus datos ser\u00e1n cedidos a aquellas entidades p\u00fablicas o privadas que nos indiques para la realizaci\u00f3n de cualquier tipo de tr\u00e1mite que nos solicites gestionar en tu representaci\u00f3n, derivado de tu estancia con nosotros.<\/p><p>Debes tener en cuenta que si contactas con nuestro equipo a trav\u00e9s de alguno de los perfiles en redes sociales o Apps tipo Booking\u2026., que IBERICABEDS pone a disposici\u00f3n de los usuarios, adem\u00e1s de cedernos los datos que nos facilitas, tambi\u00e9n estar\u00e1s cedi\u00e9ndolos a las entidades responsables de esa propia red social o App. Para conocer el uso y tratamiento que estas entidades hacen de tus datos, te aconsejamos que leas detenidamente las pol\u00edticas de privacidad de las redes sociales que tengan activas.<\/p><\/td><\/tr><tr><td><p><strong>\u00bfDe d\u00f3nde obtenemos tus datos?<\/strong><\/p><\/td><td><p>\u2013 Cuando realizas una reserva en persona\/on line en IBERICABEDS.<\/p><p>\u2013 Cuando contactas con nosotros a trav\u00e9s de nuestro Whatsapp oficial, de nuestra web o de nuestros perfiles de redes sociales.<\/p><p>\u2013 Cuando nos das el consentimiento para el env\u00edo de comunicaciones comerciales.<\/p><\/td><\/tr><tr><td><p><strong>\u00bfCu\u00e1les son tus derechos y c\u00f3mo puedes ejercitarlos?<\/strong><\/p><\/td><td><p>Te informamos que tienes derecho a obtener confirmaci\u00f3n sobre si estamos tratando datos personales que te conciernen o no.<\/p><p>Podr\u00e1s acceder, rectificar, suprimir y oponerte a determinados tratamientos, as\u00ed como ejercer tu derecho a la limitaci\u00f3n del tratamiento, a la portabilidad y a no ser objeto de una decisi\u00f3n individual basada \u00fanicamente en un tratamiento automatizado.<\/p><p>\u00b7\u00a0\u00a0\u00a0\u00a0\u00a0\u00a0\u00a0\u00a0 <u>Acceder a tus datos:<\/u> Tienes derecho a acceder a tus datos para conocer qu\u00e9 datos personales estamos tratando que te conciernan.<\/p><p>\u00b7\u00a0\u00a0\u00a0\u00a0\u00a0\u00a0\u00a0\u00a0 \u00a0<\/p><p>\u00b7\u00a0\u00a0\u00a0\u00a0\u00a0\u00a0\u00a0\u00a0 <u>Solicitar la rectificaci\u00f3n o supresi\u00f3n de tus datos:<\/u> En determinadas circunstancias, tienes derecho a rectificar aquellos datos personales que consideres inexactos y que sean objeto de tratamiento por parte nuestra, as\u00ed como derecho a solicitar la supresi\u00f3n de tus datos cuando, entre otros motivos, los datos ya no sean necesarios para los fines que fueron recogidos.<\/p><p>\u00b7\u00a0\u00a0\u00a0\u00a0\u00a0\u00a0\u00a0\u00a0 \u00a0<\/p><p>\u00b7\u00a0\u00a0\u00a0\u00a0\u00a0\u00a0\u00a0\u00a0 <u>Solicitar la limitaci\u00f3n del tratamiento de tus datos:<\/u> En determinadas circunstancias, tendr\u00e1s derecho a solicitarnos la limitaci\u00f3n del tratamiento de tus datos, en cuyo caso le informamos que \u00fanicamente conservaremos los datos sobre los que hayas solicitado limitaci\u00f3n en el tratamiento para el ejercicio o defensa de reclamaciones.<\/p><p>\u00b7\u00a0\u00a0\u00a0\u00a0\u00a0\u00a0\u00a0\u00a0 \u00a0<\/p><p>\u00b7\u00a0\u00a0\u00a0\u00a0\u00a0\u00a0\u00a0\u00a0 <u>A la portabilidad de tus datos:<\/u> En determinadas circunstancias, tendr\u00e1s derecho a recibir los datos personales que te incumban, y que nos hayas facilitado, en un formato estructurado de uso com\u00fan y lectura mec\u00e1nica, as\u00ed como a que sean transmitidos por parte nuestra a otro responsable del tratamiento.<\/p><p>\u00b7\u00a0\u00a0\u00a0\u00a0\u00a0\u00a0\u00a0\u00a0 \u00a0<\/p><p>\u00b7\u00a0\u00a0\u00a0\u00a0\u00a0\u00a0\u00a0\u00a0 <u>Oponerte al tratamiento de tus datos:<\/u> En determinadas circunstancias y por motivos relacionados con tu situaci\u00f3n particular, tendr\u00e1s derecho a oponerte al tratamiento de tus datos. En ese\u00a0\u00a0caso, dejar\u00edamos de tratarlos salvo que debamos continuar haci\u00e9ndolo por motivos leg\u00edtimos imperiosos o para el ejercicio o la defensa de posibles reclamaciones.<\/p><p>Adem\u00e1s, en cualquier momento podr\u00e1s retirar el consentimiento para el env\u00edo de comunicaciones comerciales.<\/p><p>Tienes derecho a no ser objeto de decisiones automatizadas.<\/p><p>Cualquier persona interesada puede presentar una reclamaci\u00f3n ante la Agencia Espa\u00f1ola de Protecci\u00f3n de Datos, especialmente cuando no est\u00e9 satisfecha con el ejercicio de los derechos. Para m\u00e1s detalle consulte la p\u00e1gina web\u00a0<a href=\"http:\/\/www.agpd.es\/\">www.agpd.es<\/a><em>.<\/em><\/p><\/td><\/tr><tr><td><p><strong>\u00bfDurante cu\u00e1nto tiempo conservamos tus datos?<\/strong><\/p><\/td><td><p>IBERICABEDS conservar\u00e1 tu informaci\u00f3n mientras exista alg\u00fan tipo de relaci\u00f3n con nosotros, bloqueando los datos cuando dejes de ser nuestro\/a hu\u00e9sped o cliente\/a; y borr\u00e1ndolos toda vez que hayan prescrito las preceptivas obligaciones legales que pudieran generarse.<\/p><p>Obviamente, habr\u00e1 que conservar determinada informaci\u00f3n el tiempo m\u00ednimo que se establezca en la correspondiente normativa sectorial.<\/p><p>Es el caso de los libros-registro de entrada, que deber\u00e1n almacenarse durante<strong>\u00a03 a\u00f1os,\u00a0<\/strong>a disposici\u00f3n de los Cuerpos y Fuerzas de Seguridad del Estado.<\/p><p>En caso de que contactes con nosotros a trav\u00e9s de los medios indicados, tus datos se almacenar\u00e1n el tiempo necesario para dar respuesta a tu solicitud de informaci\u00f3n.<\/p><p>IBERICABEDS tambi\u00e9n deber\u00e1 conservar determinada informaci\u00f3n en base a requerimientos legales.<\/p><\/td><\/tr><\/tbody><\/table><p>IBERICABEDS informa que en cumplimiento de la ley 34\/2002 de 11 de julio, de Servicios de la Sociedad de la Informaci\u00f3n solicitar\u00e1 siempre tu consentimiento al tratamiento de tu n\u00famero de Whatsapp o mail con fines comerciales en cada momento.<\/p><p>Es posible que IBERICABEDS actualice esta Pol\u00edtica de Privacidad, por ello te recomendamos revisar esta pol\u00edtica cada vez que accedas a nuestros servicios con el objetivo de estar adecuadamente informado sobre c\u00f3mo y para qu\u00e9 usamos tus datos personales.<\/p><p>Si tuvieras alguna duda, comentario o sugerencia sobre toda esta informaci\u00f3n, por favor escribe a: <a href=\"mailto:reservas@cuatroiberica.com\">reservas@cuatroiberica.com<\/a><\/p>\t\t\t\t\t\t\t\t<\/div>\n\t\t\t\t<\/div>\n\t\t\t\t\t<\/div>\n\t\t<\/div>\n\t\t\t\t\t<\/div>\n\t\t<\/section>\n\t\t\t\t<\/div>\n\t\t","protected":false},"excerpt":{"rendered":"<p>POL\u00cdTICA DE PRIVACIDAD POL\u00cdTICA DE PRIVACIDAD WEB POL\u00cdTICA DE PRIVACIDAD WEB En IBERICABEDS creemos y defendemos que tu privacidad es algo muy importante y que\u00a0s\u00f3lo t\u00fa debes poder decidir qu\u00e9 uso se hace de tu informaci\u00f3n.\u00a0Por eso, nos hemos adecuado a todo los requerimientos del Reglamento (UE) 2016\/679 del Parlamento Europeo y del Consejo, de [&hellip;]<\/p>\n","protected":false},"author":1,"featured_media":0,"parent":0,"menu_order":0,"comment_status":"closed","ping_status":"closed","template":"elementor_header_footer","meta":{"footnotes":""},"class_list":["post-40","page","type-page","status-publish","hentry"],"aioseo_notices":[],"_links":{"self":[{"href":"https:\/\/ibericabeds.com\/en\/wp-json\/wp\/v2\/pages\/40","targetHints":{"allow":["GET"]}}],"collection":[{"href":"https:\/\/ibericabeds.com\/en\/wp-json\/wp\/v2\/pages"}],"about":[{"href":"https:\/\/ibericabeds.com\/en\/wp-json\/wp\/v2\/types\/page"}],"author":[{"embeddable":true,"href":"https:\/\/ibericabeds.com\/en\/wp-json\/wp\/v2\/users\/1"}],"replies":[{"embeddable":true,"href":"https:\/\/ibericabeds.com\/en\/wp-json\/wp\/v2\/comments?post=40"}],"version-history":[{"count":9,"href":"https:\/\/ibericabeds.com\/en\/wp-json\/wp\/v2\/pages\/40\/revisions"}],"predecessor-version":[{"id":1261,"href":"https:\/\/ibericabeds.com\/en\/wp-json\/wp\/v2\/pages\/40\/revisions\/1261"}],"wp:attachment":[{"href":"https:\/\/ibericabeds.com\/en\/wp-json\/wp\/v2\/media?parent=40"}],"curies":[{"name":"wp","href":"https:\/\/api.w.org\/{rel}","templated":true}]}}