{"id":119,"date":"2020-02-12T13:52:01","date_gmt":"2020-02-12T12:52:01","guid":{"rendered":"http:\/\/ibericabeds.com\/?page_id=119"},"modified":"2024-08-26T10:58:24","modified_gmt":"2024-08-26T08:58:24","slug":"aviso-legal","status":"publish","type":"page","link":"https:\/\/ibericabeds.com\/en\/aviso-legal\/","title":{"rendered":"Legal warning"},"content":{"rendered":"\t\t<div data-elementor-type=\"wp-page\" data-elementor-id=\"119\" class=\"elementor elementor-119\" data-elementor-post-type=\"page\">\n\t\t\t\t\t\t<section class=\"elementor-section elementor-top-section elementor-element elementor-element-45692aa elementor-section-boxed elementor-section-height-default elementor-section-height-default\" data-id=\"45692aa\" data-element_type=\"section\" data-e-type=\"section\">\n\t\t\t\t\t\t<div class=\"elementor-container elementor-column-gap-default\">\n\t\t\t\t\t<div class=\"elementor-column elementor-col-100 elementor-top-column elementor-element elementor-element-2d340783\" data-id=\"2d340783\" data-element_type=\"column\" data-e-type=\"column\">\n\t\t\t<div class=\"elementor-widget-wrap elementor-element-populated\">\n\t\t\t\t\t\t<div class=\"elementor-element elementor-element-005263a elementor-widget elementor-widget-heading\" data-id=\"005263a\" data-element_type=\"widget\" data-e-type=\"widget\" data-widget_type=\"heading.default\">\n\t\t\t\t<div class=\"elementor-widget-container\">\n\t\t\t\t\t<h2 class=\"elementor-heading-title elementor-size-default\">AVISO LEGAL<\/h2>\t\t\t\t<\/div>\n\t\t\t\t<\/div>\n\t\t\t\t<div class=\"elementor-element elementor-element-7e7ee0de elementor-widget elementor-widget-text-editor\" data-id=\"7e7ee0de\" data-element_type=\"widget\" data-e-type=\"widget\" data-widget_type=\"text-editor.default\">\n\t\t\t\t<div class=\"elementor-widget-container\">\n\t\t\t\t\t\t\t\t\t<p>Datos de identificaci\u00f3n de conformidad con la Ley 34\/2002, de 11 de julio, de Servicios de la Sociedad de la Informaci\u00f3n y Comercio Electr\u00f3nico:<\/p><p><strong>CUATROIBERICA 2017 S.L.(en adelante CUATROIBERICA)<\/strong><\/p><p><strong>CIF: B19643261<\/strong><\/p><p><strong>Domicilio:C\/ SAN FRANCISCO DE ASIS, 6, 18005 DE GRANADA, ESPA\u00d1A<\/strong><\/p><p><strong>REGISTRO MERCANTIL DE LA SOCIEDAD<\/strong>:<strong> TOMO 1632, FOLIO 81, HOJA 50293, INSCIPCION 1\u00aa<\/strong><\/p><p>La presente p\u00e1gina Web ha sido creada por CUATROIBERICA con la finalidad de prestar y dar a conocer sus alojamientos y servicios. El hecho de visitar la p\u00e1gina o completar los formularios que aparece en ella no implica iniciar una relaci\u00f3n contractual con CUATROIBERICA.<\/p><p>Todos los textos e im\u00e1genes contenidos en el presente sitio Web poseen derechos de autor y no pueden ser reproducidos, en su totalidad o parte, sin autorizaci\u00f3n escrita de sus propietarios legales.<\/p><p>CUATROIBERICA no asume ninguna responsabilidad por los da\u00f1os que puedan producirse en los equipos de los usuarios como consecuencia de su navegaci\u00f3n por esta p\u00e1gina Web, incluyendo, en su caso, los da\u00f1os producidos por virus inform\u00e1ticos.<\/p><p>CUATROIBERICA no ofrece ninguna garant\u00eda en cuanto a la subsanaci\u00f3n de errores de funcionamiento o actualizaci\u00f3n de contenidos.<\/p><p>Si alguien desea realizar un link a esta p\u00e1gina desde su p\u00e1gina Web, es libre de realizarlo.CUATROIBERICA no asume ninguna responsabilidad por el contenido de las p\u00e1ginas a las que facilita enlaces.<\/p><p>CUATROIBERICA recoge informaci\u00f3n a trav\u00e9s de este sitio web, redes sociales y medios de comunicaci\u00f3n tradicionales, cuyo uso se describe en la Pol\u00edtica de Privacidad.<\/p>\t\t\t\t\t\t\t\t<\/div>\n\t\t\t\t<\/div>\n\t\t\t\t\t<\/div>\n\t\t<\/div>\n\t\t\t\t\t<\/div>\n\t\t<\/section>\n\t\t\t\t<\/div>\n\t\t","protected":false},"excerpt":{"rendered":"<p>AVISO LEGAL Datos de identificaci\u00f3n de conformidad con la Ley 34\/2002, de 11 de julio, de Servicios de la Sociedad de la Informaci\u00f3n y Comercio Electr\u00f3nico: CUATROIBERICA 2017 S.L.(en adelante CUATROIBERICA) CIF: B19643261 Domicilio:C\/ SAN FRANCISCO DE ASIS, 6, 18005 DE GRANADA, ESPA\u00d1A REGISTRO MERCANTIL DE LA SOCIEDAD: TOMO 1632, FOLIO 81, HOJA 50293, INSCIPCION [&hellip;]<\/p>\n","protected":false},"author":1,"featured_media":0,"parent":0,"menu_order":0,"comment_status":"closed","ping_status":"closed","template":"elementor_header_footer","meta":{"footnotes":""},"class_list":["post-119","page","type-page","status-publish","hentry"],"aioseo_notices":[],"_links":{"self":[{"href":"https:\/\/ibericabeds.com\/en\/wp-json\/wp\/v2\/pages\/119","targetHints":{"allow":["GET"]}}],"collection":[{"href":"https:\/\/ibericabeds.com\/en\/wp-json\/wp\/v2\/pages"}],"about":[{"href":"https:\/\/ibericabeds.com\/en\/wp-json\/wp\/v2\/types\/page"}],"author":[{"embeddable":true,"href":"https:\/\/ibericabeds.com\/en\/wp-json\/wp\/v2\/users\/1"}],"replies":[{"embeddable":true,"href":"https:\/\/ibericabeds.com\/en\/wp-json\/wp\/v2\/comments?post=119"}],"version-history":[{"count":9,"href":"https:\/\/ibericabeds.com\/en\/wp-json\/wp\/v2\/pages\/119\/revisions"}],"predecessor-version":[{"id":1258,"href":"https:\/\/ibericabeds.com\/en\/wp-json\/wp\/v2\/pages\/119\/revisions\/1258"}],"wp:attachment":[{"href":"https:\/\/ibericabeds.com\/en\/wp-json\/wp\/v2\/media?parent=119"}],"curies":[{"name":"wp","href":"https:\/\/api.w.org\/{rel}","templated":true}]}}